{"id":13395,"date":"2020-08-06T12:50:33","date_gmt":"2020-08-06T10:50:33","guid":{"rendered":"http:\/\/strefadev.encodeit.pl\/produkt\/wozek-trojkolowy-specjalny-dzieciecy-dyno\/"},"modified":"2025-09-01T12:15:47","modified_gmt":"2025-09-01T10:15:47","slug":"wozek-trojkolowy-specjalny-dzieciecy-dyno","status":"publish","type":"product","link":"https:\/\/strefa-zdrowia.com.pl\/ru\/wozek-trojkolowy-specjalny-dzieciecy-dyno\/","title":{"rendered":"W\u00f3zek inwalidzki spacerowy dzieci\u0119cy Dyno Liwcare"},"content":{"rendered":"\r\n<p>&nbsp;<\/p>\r\n\r\n\r\n\r\n<p><a href=\"https:\/\/strefa-zdrowia.com.pl\/kategoria\/sprzet-dla-dzieci\/wozki-3-kolowe\/\"><span style=\"font-family: tahoma, arial, helvetica, sans-serif;\">W\u00f3zek Dyno<\/span><\/a><span style=\"font-family: tahoma, arial, helvetica, sans-serif;\"> u\u0142atwia codzienn\u0105 opiek\u0119 nad dzie\u0107mi wymagaj\u0105cymi transportu, kt\u00f3rych schorzenia uniemo\u017cliwiaj\u0105 samodzielne poruszanie si\u0119 oraz poprawne siedzenie.\u00a0<strong>W\u00f3zek przeznaczony jest dla dzieci ju\u017c od 95 cm do 145 cm wzrostu.<\/strong><\/span><\/p>\r\n<p><span style=\"font-family: tahoma, arial, helvetica, sans-serif;\">\r\n\r\n<\/span><\/p>\r\n<p><span style=\"font-family: tahoma, arial, helvetica, sans-serif;\">Tr\u00f3jko\u0142owa konstrukcja w\u00f3zka pozwala na realizowanie swoich pasji sportowych zachowuj\u0105c przy tym wysokie standardy zabezpieczenia i pozycjonowania dziecka. Dyno ma za zadanie utrwala\u0107 prawid\u0142owe wzorce dla pozycji siedz\u0105cej w czasie transportu dziecka.<\/span><\/p>\r\n<p><span style=\"font-family: tahoma, arial, helvetica, sans-serif;\">\r\n\r\n<\/span><\/p>\r\n<p><span style=\"font-family: tahoma, arial, helvetica, sans-serif;\">W\u00f3zek Dyno sk\u0142ada si\u0119 bardzo szybko i \u0142atwo.<\/span><\/p>\r\n<p><span style=\"font-family: tahoma, arial, helvetica, sans-serif;\">\r\n\r\n<\/span><\/p>\r\n<figure class=\"wp-block-image size-large\"><span style=\"font-family: tahoma, arial, helvetica, sans-serif;\"><img loading=\"lazy\" decoding=\"async\" class=\"alignnone wp-image-5607\" src=\"https:\/\/strefa-zdrowia.com.pl\/wp-content\/uploads\/2020\/08\/Dyno-sk\u0142adanie-700x245.png\" alt=\"W\u00f3zek inwalidzki spacerowy dzieci\u0119cy Dyno Liwcare - sk\u0142adanie\" width=\"700\" height=\"245\" srcset=\"https:\/\/strefa-zdrowia.com.pl\/wp-content\/uploads\/2020\/08\/Dyno-sk\u0142adanie-700x245.png 700w, https:\/\/strefa-zdrowia.com.pl\/wp-content\/uploads\/2020\/08\/Dyno-sk\u0142adanie-250x87.png 250w, https:\/\/strefa-zdrowia.com.pl\/wp-content\/uploads\/2020\/08\/Dyno-sk\u0142adanie-768x269.png 768w, https:\/\/strefa-zdrowia.com.pl\/wp-content\/uploads\/2020\/08\/Dyno-sk\u0142adanie-120x42.png 120w, https:\/\/strefa-zdrowia.com.pl\/wp-content\/uploads\/2020\/08\/Dyno-sk\u0142adanie-370x129.png 370w, https:\/\/strefa-zdrowia.com.pl\/wp-content\/uploads\/2020\/08\/Dyno-sk\u0142adanie-350x122.png 350w, https:\/\/strefa-zdrowia.com.pl\/wp-content\/uploads\/2020\/08\/Dyno-sk\u0142adanie-570x199.png 570w, https:\/\/strefa-zdrowia.com.pl\/wp-content\/uploads\/2020\/08\/Dyno-sk\u0142adanie-470x164.png 470w, https:\/\/strefa-zdrowia.com.pl\/wp-content\/uploads\/2020\/08\/Dyno-sk\u0142adanie-800x280.png 800w, https:\/\/strefa-zdrowia.com.pl\/wp-content\/uploads\/2020\/08\/Dyno-sk\u0142adanie-265x93.png 265w, https:\/\/strefa-zdrowia.com.pl\/wp-content\/uploads\/2020\/08\/Dyno-sk\u0142adanie-870x304.png 870w, https:\/\/strefa-zdrowia.com.pl\/wp-content\/uploads\/2020\/08\/Dyno-sk\u0142adanie-868x304.png 868w, https:\/\/strefa-zdrowia.com.pl\/wp-content\/uploads\/2020\/08\/Dyno-sk\u0142adanie-600x210.png 600w, https:\/\/strefa-zdrowia.com.pl\/wp-content\/uploads\/2020\/08\/Dyno-sk\u0142adanie.png 1046w\" sizes=\"auto, (max-width: 700px) 100vw, 700px\" \/><\/span><\/figure>\r\n<p><span style=\"font-family: tahoma, arial, helvetica, sans-serif;\">\r\n\r\n<\/span><\/p>\r\n<p><span style=\"font-family: tahoma, arial, helvetica, sans-serif;\">Charakterystyka w\u00f3zka:<\/span><\/p>\r\n<p><span style=\"font-family: tahoma, arial, helvetica, sans-serif;\">\r\n\r\n<\/span><\/p>\r\n<ol class=\"wp-block-list\">\r\n<li><span style=\"font-family: tahoma, arial, helvetica, sans-serif;\">Siedzisko z regulacj\u0105 g\u0142\u0119boko\u015bci.<\/span><\/li>\r\n<li><span style=\"font-family: tahoma, arial, helvetica, sans-serif;\">Oparcie plec\u00f3w o regulowanej wysoko\u015bci,<\/span><\/li>\r\n<li><span style=\"font-family: tahoma, arial, helvetica, sans-serif;\">Regulowany k\u0105t oparcia plec\u00f3w,<\/span><\/li>\r\n<li><span style=\"font-family: tahoma, arial, helvetica, sans-serif;\">Regulowany k\u0105t zgi\u0119cia siedziska (k\u0105t zgi\u0119cia w stawie biodrowym),<\/span><\/li>\r\n<li><span style=\"font-family: tahoma, arial, helvetica, sans-serif;\">Niezale\u017cnie regulowane peloty piersiowe,<\/span><\/li>\r\n<li><span style=\"font-family: tahoma, arial, helvetica, sans-serif;\">Regulowany k\u0105t oraz wysoko\u015b\u0107 platformy podn\u00f3\u017cka,<\/span><\/li>\r\n<li><span style=\"font-family: tahoma, arial, helvetica, sans-serif;\">Wielofunkcyjna budka ochronna,<\/span><\/li>\r\n<li><span style=\"font-family: tahoma, arial, helvetica, sans-serif;\">Anatomiczna poduszka siedziska,<\/span><\/li>\r\n<li><span style=\"font-family: tahoma, arial, helvetica, sans-serif;\">Wyprofilowany, multipozycyjny zag\u0142\u00f3wek.<\/span><\/li>\r\n<\/ol>\r\n<p><span style=\"font-family: tahoma, arial, helvetica, sans-serif;\">\r\n\r\n<\/span><\/p>\r\n<p>&nbsp;<\/p>\r\n<p><span style=\"font-family: tahoma, arial, helvetica, sans-serif;\">\r\n\r\n<\/span><\/p>\r\n<figure class=\"wp-block-image size-large\"><span style=\"font-family: tahoma, arial, helvetica, sans-serif;\"><img loading=\"lazy\" decoding=\"async\" class=\"alignnone wp-image-5606\" src=\"https:\/\/strefa-zdrowia.com.pl\/wp-content\/uploads\/2020\/08\/Dyno-regulacje-700x437.png\" alt=\"W\u00f3zek inwalidzki spacerowy dzieci\u0119cy Dyno Liwcare - regulacje\" width=\"700\" height=\"437\" srcset=\"https:\/\/strefa-zdrowia.com.pl\/wp-content\/uploads\/2020\/08\/Dyno-regulacje-700x437.png 700w, https:\/\/strefa-zdrowia.com.pl\/wp-content\/uploads\/2020\/08\/Dyno-regulacje-250x156.png 250w, https:\/\/strefa-zdrowia.com.pl\/wp-content\/uploads\/2020\/08\/Dyno-regulacje-768x480.png 768w, https:\/\/strefa-zdrowia.com.pl\/wp-content\/uploads\/2020\/08\/Dyno-regulacje-120x75.png 120w, https:\/\/strefa-zdrowia.com.pl\/wp-content\/uploads\/2020\/08\/Dyno-regulacje-370x231.png 370w, https:\/\/strefa-zdrowia.com.pl\/wp-content\/uploads\/2020\/08\/Dyno-regulacje-350x219.png 350w, https:\/\/strefa-zdrowia.com.pl\/wp-content\/uploads\/2020\/08\/Dyno-regulacje-570x356.png 570w, https:\/\/strefa-zdrowia.com.pl\/wp-content\/uploads\/2020\/08\/Dyno-regulacje-470x294.png 470w, https:\/\/strefa-zdrowia.com.pl\/wp-content\/uploads\/2020\/08\/Dyno-regulacje-800x500.png 800w, https:\/\/strefa-zdrowia.com.pl\/wp-content\/uploads\/2020\/08\/Dyno-regulacje-265x166.png 265w, https:\/\/strefa-zdrowia.com.pl\/wp-content\/uploads\/2020\/08\/Dyno-regulacje-870x544.png 870w, https:\/\/strefa-zdrowia.com.pl\/wp-content\/uploads\/2020\/08\/Dyno-regulacje-868x542.png 868w, https:\/\/strefa-zdrowia.com.pl\/wp-content\/uploads\/2020\/08\/Dyno-regulacje-600x375.png 600w, https:\/\/strefa-zdrowia.com.pl\/wp-content\/uploads\/2020\/08\/Dyno-regulacje.png 1045w\" sizes=\"auto, (max-width: 700px) 100vw, 700px\" \/><\/span><\/figure>\r\n<p><span style=\"font-family: tahoma, arial, helvetica, sans-serif;\">\r\n\r\n<\/span><\/p>\r\n<p>&nbsp;<\/p>\r\n<p><span style=\"font-family: tahoma, arial, helvetica, sans-serif;\">\r\n\r\n<\/span><\/p>\r\n<figure class=\"wp-block-image size-large\"><span style=\"font-family: tahoma, arial, helvetica, sans-serif;\"><img loading=\"lazy\" decoding=\"async\" class=\"alignnone wp-image-5605\" src=\"https:\/\/strefa-zdrowia.com.pl\/wp-content\/uploads\/2020\/08\/Dyno-regulacje-2-700x637.png\" alt=\"W\u00f3zek inwalidzki spacerowy dzieci\u0119cy Dyno Liwcare - regulacje 2\" width=\"700\" height=\"637\" srcset=\"https:\/\/strefa-zdrowia.com.pl\/wp-content\/uploads\/2020\/08\/Dyno-regulacje-2-700x637.png 700w, https:\/\/strefa-zdrowia.com.pl\/wp-content\/uploads\/2020\/08\/Dyno-regulacje-2-250x228.png 250w, https:\/\/strefa-zdrowia.com.pl\/wp-content\/uploads\/2020\/08\/Dyno-regulacje-2-120x109.png 120w, https:\/\/strefa-zdrowia.com.pl\/wp-content\/uploads\/2020\/08\/Dyno-regulacje-2-370x337.png 370w, https:\/\/strefa-zdrowia.com.pl\/wp-content\/uploads\/2020\/08\/Dyno-regulacje-2-350x319.png 350w, https:\/\/strefa-zdrowia.com.pl\/wp-content\/uploads\/2020\/08\/Dyno-regulacje-2-570x519.png 570w, https:\/\/strefa-zdrowia.com.pl\/wp-content\/uploads\/2020\/08\/Dyno-regulacje-2-470x428.png 470w, https:\/\/strefa-zdrowia.com.pl\/wp-content\/uploads\/2020\/08\/Dyno-regulacje-2-265x241.png 265w, https:\/\/strefa-zdrowia.com.pl\/wp-content\/uploads\/2020\/08\/Dyno-regulacje-2-600x546.png 600w, https:\/\/strefa-zdrowia.com.pl\/wp-content\/uploads\/2020\/08\/Dyno-regulacje-2.png 712w\" sizes=\"auto, (max-width: 700px) 100vw, 700px\" \/><\/span><\/figure>\r\n<p><span style=\"font-family: tahoma, arial, helvetica, sans-serif;\">\r\n\r\n<\/span><\/p>\r\n<p><span style=\"font-family: tahoma, arial, helvetica, sans-serif;\">W\u00f3zek Dyno przeznaczony jest dla dzieci o wadze do 36 kg z pora\u017ceniami i niedow\u0142adami trzy lub czteroko\u0144czynowymi,\u00a0przy pora\u017ceniach dwuko\u0144czynowych jednostronnych lub skrzy\u017cowanych.<\/span><\/p>\r\n<p><span style=\"font-family: tahoma, arial, helvetica, sans-serif;\">\r\n\r\n<\/span><\/p>\r\n<p><span style=\"font-family: tahoma, arial, helvetica, sans-serif;\">Produkt doskonale sprawdzi si\u0119 dla pacjent\u00f3w z nast\u0119puj\u0105cymi jednostkami chorobowymi:<\/span><\/p>\r\n<p><span style=\"font-family: tahoma, arial, helvetica, sans-serif;\">\r\n\r\n<\/span><\/p>\r\n<ul class=\"wp-block-list\">\r\n<li><span style=\"font-family: tahoma, arial, helvetica, sans-serif;\">m\u00f3zgowe pora\u017cenie dzieci\u0119ce,<\/span><\/li>\r\n<li><span style=\"font-family: tahoma, arial, helvetica, sans-serif;\">dystrofie mi\u0119\u015bniowe,<\/span><\/li>\r\n<li><span style=\"font-family: tahoma, arial, helvetica, sans-serif;\">pora\u017cenia r\u00f3\u017cnego pochodzenia,<\/span><\/li>\r\n<li><span style=\"font-family: tahoma, arial, helvetica, sans-serif;\">rozczep kr\u0119gos\u0142upa,<\/span><\/li>\r\n<li><span style=\"font-family: tahoma, arial, helvetica, sans-serif;\">przepukliny oponowo-rdzeniowe,<\/span><\/li>\r\n<li><span style=\"font-family: tahoma, arial, helvetica, sans-serif;\">stany po urazach kr\u0119gos\u0142upa,<\/span><\/li>\r\n<li><span style=\"font-family: tahoma, arial, helvetica, sans-serif;\">stany po urazach czaszkowo-m\u00f3zgowych.<\/span><\/li>\r\n<\/ul>\r\n<p><span style=\"font-family: tahoma, arial, helvetica, sans-serif;\">\r\n\r\n<\/span><\/p>\r\n<p><span style=\"font-family: tahoma, arial, helvetica, sans-serif;\">Produkt jest refundowany przez Narodowy Fundusz Zdrowia jako wyr\u00f3b medyczny typu w\u00f3zek inwalidzki specjalny dzieci\u0119cy zgodnie z rozporz\u0105dzeniem Ministra Zdrowia z dnia 6 grudnia 2013 r. w sprawie wykazu wyrob\u00f3w medycznych wydawanych na zlecenie.<\/span><\/p>\r\n","protected":false},"excerpt":{"rendered":"<p><span style=\"font-family: verdana, geneva, sans-serif;\">W\u00f3zek Dyno jest tr\u00f3jko\u0142owym w\u00f3zkiem spacerowym dla aktywnych rodzic\u00f3w. Dzi\u0119ki du\u017cym ko\u0142om w\u00f3zek sprawdza sie doskonale w nier\u00f3wnym terenie. Dla dzieci od 95cm-145cm wzrostu<\/span><\/p>\r\n<p>&nbsp;<\/p>\r\n<p><span style=\"font-family: verdana, geneva, sans-serif;\">W celu uzyskania dodatkowych informacji skontaktuj si\u0119. Tel 502 909 587 lub 530 600 717<\/span><\/p>","protected":false},"featured_media":12481,"template":"","meta":{"_acf_changed":false,"_seopress_robots_primary_cat":"none","_seopress_titles_title":"W\u00f3zek inwalidzki spacerowy dzieci\u0119cy Dyno Liwcare | Strefa Zdrowia","_seopress_titles_desc":"","_seopress_robots_index":"yes"},"product_brand":[],"product_cat":[898,1303,751,1325],"product_tag":[1569],"class_list":{"0":"post-13395","1":"product","2":"type-product","3":"status-publish","4":"has-post-thumbnail","6":"product_cat-wozki-do-biegania-ru","7":"product_cat-wozki_inwalidzkie_dzieciece-ru","8":"product_cat-wozki-spacerowe-ru","9":"product_cat-wozki-specjalne-ru","10":"product_tag-wozek-inwalidzki-dla-dziecka-z-porazeniem-mozgowym-ru","12":"first","13":"onbackorder","14":"shipping-taxable","15":"purchasable","16":"product-type-simple"},"acf":[],"yoast_head":"<!-- This site is optimized with the Yoast SEO plugin v26.9 - https:\/\/yoast.com\/product\/yoast-seo-wordpress\/ -->\n<title>W\u00f3zek inwalidzki spacerowy dzieci\u0119cy Dyno Liwcare | Strefa Zdrowia<\/title>\n<meta name=\"robots\" content=\"index, follow, max-snippet:-1, max-image-preview:large, max-video-preview:-1\" \/>\n<link rel=\"canonical\" href=\"https:\/\/strefa-zdrowia.com.pl\/ru\/wozek-trojkolowy-specjalny-dzieciecy-dyno\/\" \/>\n<meta property=\"og:locale\" content=\"ru_RU\" \/>\n<meta property=\"og:type\" content=\"article\" \/>\n<meta property=\"og:title\" content=\"W\u00f3zek inwalidzki spacerowy dzieci\u0119cy Dyno Liwcare | Strefa Zdrowia\" \/>\n<meta property=\"og:description\" content=\"W\u00f3zek Dyno jest tr\u00f3jko\u0142owym w\u00f3zkiem spacerowym dla aktywnych rodzic\u00f3w. Dzi\u0119ki du\u017cym ko\u0142om w\u00f3zek sprawdza sie doskonale w nier\u00f3wnym terenie. Dla dzieci od 95cm-145cm wzrostu &nbsp; W celu uzyskania dodatkowych informacji skontaktuj si\u0119. Tel 502 909 587 lub 530 600 717\" \/>\n<meta property=\"og:url\" content=\"https:\/\/strefa-zdrowia.com.pl\/ru\/wozek-trojkolowy-specjalny-dzieciecy-dyno\/\" \/>\n<meta property=\"og:site_name\" content=\"Strefa Zdrowia\" \/>\n<meta property=\"article:modified_time\" content=\"2025-09-01T10:15:47+00:00\" \/>\n<meta property=\"og:image\" content=\"https:\/\/strefa-zdrowia.com.pl\/wp-content\/uploads\/2020\/08\/dyno-w\u00f3zek.png\" \/>\n\t<meta property=\"og:image:width\" content=\"450\" \/>\n\t<meta property=\"og:image:height\" content=\"450\" \/>\n\t<meta property=\"og:image:type\" content=\"image\/png\" \/>\n<meta name=\"twitter:card\" content=\"summary_large_image\" \/>\n<meta name=\"twitter:label1\" content=\"\u041f\u0440\u0438\u043c\u0435\u0440\u043d\u043e\u0435 \u0432\u0440\u0435\u043c\u044f \u0434\u043b\u044f \u0447\u0442\u0435\u043d\u0438\u044f\" \/>\n\t<meta name=\"twitter:data1\" content=\"3 \u043c\u0438\u043d\u0443\u0442\u044b\" \/>\n<script type=\"application\/ld+json\" class=\"yoast-schema-graph\">{\"@context\":\"https:\/\/schema.org\",\"@graph\":[{\"@type\":\"WebPage\",\"@id\":\"https:\/\/strefa-zdrowia.com.pl\/ru\/wozek-trojkolowy-specjalny-dzieciecy-dyno\/\",\"url\":\"https:\/\/strefa-zdrowia.com.pl\/ru\/wozek-trojkolowy-specjalny-dzieciecy-dyno\/\",\"name\":\"W\u00f3zek inwalidzki spacerowy dzieci\u0119cy Dyno Liwcare | Strefa Zdrowia\",\"isPartOf\":{\"@id\":\"https:\/\/strefa-zdrowia.com.pl\/#website\"},\"primaryImageOfPage\":{\"@id\":\"https:\/\/strefa-zdrowia.com.pl\/ru\/wozek-trojkolowy-specjalny-dzieciecy-dyno\/#primaryimage\"},\"image\":{\"@id\":\"https:\/\/strefa-zdrowia.com.pl\/ru\/wozek-trojkolowy-specjalny-dzieciecy-dyno\/#primaryimage\"},\"thumbnailUrl\":\"https:\/\/strefa-zdrowia.com.pl\/wp-content\/uploads\/2020\/08\/dyno-w\u00f3zek.png\",\"datePublished\":\"2020-08-06T10:50:33+00:00\",\"dateModified\":\"2025-09-01T10:15:47+00:00\",\"breadcrumb\":{\"@id\":\"https:\/\/strefa-zdrowia.com.pl\/ru\/wozek-trojkolowy-specjalny-dzieciecy-dyno\/#breadcrumb\"},\"inLanguage\":\"ru-RU\",\"potentialAction\":[{\"@type\":\"ReadAction\",\"target\":[\"https:\/\/strefa-zdrowia.com.pl\/ru\/wozek-trojkolowy-specjalny-dzieciecy-dyno\/\"]}]},{\"@type\":\"ImageObject\",\"inLanguage\":\"ru-RU\",\"@id\":\"https:\/\/strefa-zdrowia.com.pl\/ru\/wozek-trojkolowy-specjalny-dzieciecy-dyno\/#primaryimage\",\"url\":\"https:\/\/strefa-zdrowia.com.pl\/wp-content\/uploads\/2020\/08\/dyno-w\u00f3zek.png\",\"contentUrl\":\"https:\/\/strefa-zdrowia.com.pl\/wp-content\/uploads\/2020\/08\/dyno-w\u00f3zek.png\",\"width\":450,\"height\":450,\"caption\":\"W\u00f3zek inwalidzki spacerowy dzieci\u0119cy Dyno Liwcare\"},{\"@type\":\"BreadcrumbList\",\"@id\":\"https:\/\/strefa-zdrowia.com.pl\/ru\/wozek-trojkolowy-specjalny-dzieciecy-dyno\/#breadcrumb\",\"itemListElement\":[{\"@type\":\"ListItem\",\"position\":1,\"name\":\"Home\",\"item\":\"https:\/\/strefa-zdrowia.com.pl\/ru\/strona-glowna\/\"},{\"@type\":\"ListItem\",\"position\":2,\"name\":\"Produkty\",\"item\":\"https:\/\/strefa-zdrowia.com.pl\/ru\/%d0%bc%d0%b0%d0%b3%d0%b0%d0%b7%d0%b8%d0%bd\/\"},{\"@type\":\"ListItem\",\"position\":3,\"name\":\"W\u00f3zek inwalidzki spacerowy dzieci\u0119cy Dyno Liwcare\"}]},{\"@type\":\"WebSite\",\"@id\":\"https:\/\/strefa-zdrowia.com.pl\/#website\",\"url\":\"https:\/\/strefa-zdrowia.com.pl\/\",\"name\":\"Strefa Zdrowia\",\"description\":\"Sklep STREFA ZDROWIA oferuje sprz\u0119t rehabilitacyjny, w\u00f3zki inwalidzkie, aktywne, specjalne, elektryczne oraz siedziska anatomiczne. Dystrybutor w Polsce: xRover, Josi-Wismi, AnatomicSitt.\",\"publisher\":{\"@id\":\"https:\/\/strefa-zdrowia.com.pl\/#organization\"},\"potentialAction\":[{\"@type\":\"SearchAction\",\"target\":{\"@type\":\"EntryPoint\",\"urlTemplate\":\"https:\/\/strefa-zdrowia.com.pl\/?s={search_term_string}\"},\"query-input\":{\"@type\":\"PropertyValueSpecification\",\"valueRequired\":true,\"valueName\":\"search_term_string\"}}],\"inLanguage\":\"ru-RU\"},{\"@type\":\"Organization\",\"@id\":\"https:\/\/strefa-zdrowia.com.pl\/#organization\",\"name\":\"Strefa Zdrowia\",\"url\":\"https:\/\/strefa-zdrowia.com.pl\/\",\"logo\":{\"@type\":\"ImageObject\",\"inLanguage\":\"ru-RU\",\"@id\":\"https:\/\/strefa-zdrowia.com.pl\/#\/schema\/logo\/image\/\",\"url\":\"https:\/\/strefa-zdrowia.com.pl\/wp-content\/uploads\/2020\/05\/nowe-1.png\",\"contentUrl\":\"https:\/\/strefa-zdrowia.com.pl\/wp-content\/uploads\/2020\/05\/nowe-1.png\",\"width\":586,\"height\":240,\"caption\":\"Strefa Zdrowia\"},\"image\":{\"@id\":\"https:\/\/strefa-zdrowia.com.pl\/#\/schema\/logo\/image\/\"}}]}<\/script>\n<!-- \/ Yoast SEO plugin. -->","yoast_head_json":{"title":"W\u00f3zek inwalidzki spacerowy dzieci\u0119cy Dyno Liwcare | Strefa Zdrowia","robots":{"index":"index","follow":"follow","max-snippet":"max-snippet:-1","max-image-preview":"max-image-preview:large","max-video-preview":"max-video-preview:-1"},"canonical":"https:\/\/strefa-zdrowia.com.pl\/ru\/wozek-trojkolowy-specjalny-dzieciecy-dyno\/","og_locale":"ru_RU","og_type":"article","og_title":"W\u00f3zek inwalidzki spacerowy dzieci\u0119cy Dyno Liwcare | Strefa Zdrowia","og_description":"W\u00f3zek Dyno jest tr\u00f3jko\u0142owym w\u00f3zkiem spacerowym dla aktywnych rodzic\u00f3w. Dzi\u0119ki du\u017cym ko\u0142om w\u00f3zek sprawdza sie doskonale w nier\u00f3wnym terenie. Dla dzieci od 95cm-145cm wzrostu &nbsp; W celu uzyskania dodatkowych informacji skontaktuj si\u0119. Tel 502 909 587 lub 530 600 717","og_url":"https:\/\/strefa-zdrowia.com.pl\/ru\/wozek-trojkolowy-specjalny-dzieciecy-dyno\/","og_site_name":"Strefa Zdrowia","article_modified_time":"2025-09-01T10:15:47+00:00","og_image":[{"width":450,"height":450,"url":"https:\/\/strefa-zdrowia.com.pl\/wp-content\/uploads\/2020\/08\/dyno-w\u00f3zek.png","type":"image\/png"}],"twitter_card":"summary_large_image","twitter_misc":{"\u041f\u0440\u0438\u043c\u0435\u0440\u043d\u043e\u0435 \u0432\u0440\u0435\u043c\u044f \u0434\u043b\u044f \u0447\u0442\u0435\u043d\u0438\u044f":"3 \u043c\u0438\u043d\u0443\u0442\u044b"},"schema":{"@context":"https:\/\/schema.org","@graph":[{"@type":"WebPage","@id":"https:\/\/strefa-zdrowia.com.pl\/ru\/wozek-trojkolowy-specjalny-dzieciecy-dyno\/","url":"https:\/\/strefa-zdrowia.com.pl\/ru\/wozek-trojkolowy-specjalny-dzieciecy-dyno\/","name":"W\u00f3zek inwalidzki spacerowy dzieci\u0119cy Dyno Liwcare | Strefa Zdrowia","isPartOf":{"@id":"https:\/\/strefa-zdrowia.com.pl\/#website"},"primaryImageOfPage":{"@id":"https:\/\/strefa-zdrowia.com.pl\/ru\/wozek-trojkolowy-specjalny-dzieciecy-dyno\/#primaryimage"},"image":{"@id":"https:\/\/strefa-zdrowia.com.pl\/ru\/wozek-trojkolowy-specjalny-dzieciecy-dyno\/#primaryimage"},"thumbnailUrl":"https:\/\/strefa-zdrowia.com.pl\/wp-content\/uploads\/2020\/08\/dyno-w\u00f3zek.png","datePublished":"2020-08-06T10:50:33+00:00","dateModified":"2025-09-01T10:15:47+00:00","breadcrumb":{"@id":"https:\/\/strefa-zdrowia.com.pl\/ru\/wozek-trojkolowy-specjalny-dzieciecy-dyno\/#breadcrumb"},"inLanguage":"ru-RU","potentialAction":[{"@type":"ReadAction","target":["https:\/\/strefa-zdrowia.com.pl\/ru\/wozek-trojkolowy-specjalny-dzieciecy-dyno\/"]}]},{"@type":"ImageObject","inLanguage":"ru-RU","@id":"https:\/\/strefa-zdrowia.com.pl\/ru\/wozek-trojkolowy-specjalny-dzieciecy-dyno\/#primaryimage","url":"https:\/\/strefa-zdrowia.com.pl\/wp-content\/uploads\/2020\/08\/dyno-w\u00f3zek.png","contentUrl":"https:\/\/strefa-zdrowia.com.pl\/wp-content\/uploads\/2020\/08\/dyno-w\u00f3zek.png","width":450,"height":450,"caption":"W\u00f3zek inwalidzki spacerowy dzieci\u0119cy Dyno Liwcare"},{"@type":"BreadcrumbList","@id":"https:\/\/strefa-zdrowia.com.pl\/ru\/wozek-trojkolowy-specjalny-dzieciecy-dyno\/#breadcrumb","itemListElement":[{"@type":"ListItem","position":1,"name":"Home","item":"https:\/\/strefa-zdrowia.com.pl\/ru\/strona-glowna\/"},{"@type":"ListItem","position":2,"name":"Produkty","item":"https:\/\/strefa-zdrowia.com.pl\/ru\/%d0%bc%d0%b0%d0%b3%d0%b0%d0%b7%d0%b8%d0%bd\/"},{"@type":"ListItem","position":3,"name":"W\u00f3zek inwalidzki spacerowy dzieci\u0119cy Dyno Liwcare"}]},{"@type":"WebSite","@id":"https:\/\/strefa-zdrowia.com.pl\/#website","url":"https:\/\/strefa-zdrowia.com.pl\/","name":"Strefa Zdrowia","description":"Sklep STREFA ZDROWIA oferuje sprz\u0119t rehabilitacyjny, w\u00f3zki inwalidzkie, aktywne, specjalne, elektryczne oraz siedziska anatomiczne. Dystrybutor w Polsce: xRover, Josi-Wismi, AnatomicSitt.","publisher":{"@id":"https:\/\/strefa-zdrowia.com.pl\/#organization"},"potentialAction":[{"@type":"SearchAction","target":{"@type":"EntryPoint","urlTemplate":"https:\/\/strefa-zdrowia.com.pl\/?s={search_term_string}"},"query-input":{"@type":"PropertyValueSpecification","valueRequired":true,"valueName":"search_term_string"}}],"inLanguage":"ru-RU"},{"@type":"Organization","@id":"https:\/\/strefa-zdrowia.com.pl\/#organization","name":"Strefa Zdrowia","url":"https:\/\/strefa-zdrowia.com.pl\/","logo":{"@type":"ImageObject","inLanguage":"ru-RU","@id":"https:\/\/strefa-zdrowia.com.pl\/#\/schema\/logo\/image\/","url":"https:\/\/strefa-zdrowia.com.pl\/wp-content\/uploads\/2020\/05\/nowe-1.png","contentUrl":"https:\/\/strefa-zdrowia.com.pl\/wp-content\/uploads\/2020\/05\/nowe-1.png","width":586,"height":240,"caption":"Strefa Zdrowia"},"image":{"@id":"https:\/\/strefa-zdrowia.com.pl\/#\/schema\/logo\/image\/"}}]}},"_links":{"self":[{"href":"https:\/\/strefa-zdrowia.com.pl\/ru\/wp-json\/wp\/v2\/product\/13395","targetHints":{"allow":["GET"]}}],"collection":[{"href":"https:\/\/strefa-zdrowia.com.pl\/ru\/wp-json\/wp\/v2\/product"}],"about":[{"href":"https:\/\/strefa-zdrowia.com.pl\/ru\/wp-json\/wp\/v2\/types\/product"}],"wp:featuredmedia":[{"embeddable":true,"href":"https:\/\/strefa-zdrowia.com.pl\/ru\/wp-json\/wp\/v2\/media\/12481"}],"wp:attachment":[{"href":"https:\/\/strefa-zdrowia.com.pl\/ru\/wp-json\/wp\/v2\/media?parent=13395"}],"wp:term":[{"taxonomy":"product_brand","embeddable":true,"href":"https:\/\/strefa-zdrowia.com.pl\/ru\/wp-json\/wp\/v2\/product_brand?post=13395"},{"taxonomy":"product_cat","embeddable":true,"href":"https:\/\/strefa-zdrowia.com.pl\/ru\/wp-json\/wp\/v2\/product_cat?post=13395"},{"taxonomy":"product_tag","embeddable":true,"href":"https:\/\/strefa-zdrowia.com.pl\/ru\/wp-json\/wp\/v2\/product_tag?post=13395"}],"curies":[{"name":"wp","href":"https:\/\/api.w.org\/{rel}","templated":true}]}}