{"id":18728,"date":"2020-12-10T20:38:10","date_gmt":"2020-12-10T19:38:10","guid":{"rendered":"https:\/\/strefa-zdrowia.com.pl\/?post_type=product&#038;p=18728"},"modified":"2025-09-01T12:10:13","modified_gmt":"2025-09-01T10:10:13","slug":"josi-wismi-2","status":"publish","type":"product","link":"https:\/\/strefa-zdrowia.com.pl\/ru\/josi-wismi-2\/","title":{"rendered":"Przyczepka rowerowa Josi-Wismi"},"content":{"rendered":"<p>Jeste\u015bmy WY\u0141\u0104CZNYM DYSTRYBUTOREM W POLSCE!<\/p>\n<p>Josi Wismi to sk\u0142adana przyczepka do roweru.<\/p>\n<p>Ju\u017c nie musisz zostawa\u0107 z dzieckiem w domu, kiedy wszyscy jad\u0105 na wycieczk\u0119 rowerow\u0105, na pla\u017c\u0119 czy na \u015bnieg. Dzi\u0119ki wymiennemu przedniemu k\u00f3\u0142ku mo\u017cemy wybra\u0107 si\u0119 na spacer lub do lasu.<\/p>\n<p>Josi Wismi posiada r\u00f3wnie\u017c dyszel montowany do roweru, wi\u0119c je\u015bli jeste\u015b ch\u0119tny wzi\u0105\u0107 swoj\u0105 pociech\u0119 na przeja\u017cd\u017ck\u0119 rowerow\u0105, wymienisz w bardzo \u0142atwy i szybki spos\u00f3b k\u00f3\u0142ko na dyszel i przyczepisz do swojego roweru.<\/p>\n<p>Dodatkowym atutem Josi Wismi jest jego rozmiar po z\u0142o\u017ceniu, dzi\u0119ki temu mo\u017cemy zapakowa\u0107 do wi\u0119kszo\u015bci baga\u017cnik\u00f3w aut.<\/p>\n<p><iframe loading=\"lazy\" title=\"EcoBike MX500 + Josi Wismi\" width=\"900\" height=\"506\" src=\"https:\/\/www.youtube.com\/embed\/mzUAiINbTRQ?feature=oembed&#038;enablejsapi=1&#038;origin=https:\/\/strefa-zdrowia.com.pl\" frameborder=\"0\" allow=\"accelerometer; autoplay; clipboard-write; encrypted-media; gyroscope; picture-in-picture; web-share\" referrerpolicy=\"strict-origin-when-cross-origin\" allowfullscreen><\/iframe><\/p>\n<p>Josi Wismi \u00a0to wersja z regulowanym k\u0105tem siedziska, do kt\u00f3rego mo\u017cemy zamontowa\u0107 zag\u0142\u00f3wek, peloty tu\u0142owia, klin pod kolana, siedzisko profilowane z klinem odwodz\u0105cym, poduszki stabilizuj\u0105ce stopy, pasy 5 punktowe, aby komfortowo podr\u00f3\u017cowa\u0107 i poznawa\u0107 \u015bwiat.<\/p>\n<h3>Cechy sk\u0142adanej przyczepki do roweru Josi Wismi:<\/h3>\n<ul>\n<li>regulowany zag\u0142\u00f3wek<\/li>\n<li>regulowane peloty tu\u0142owia<\/li>\n<li>ruchomy klin do odwodzenia<\/li>\n<li>regulacja szeroko\u015bci siedziska<\/li>\n<li>podn\u00f3\u017cek<\/li>\n<li>pas 5-cio punktowy<\/li>\n<li>tapicerka wykonana z mi\u0119kkiej pianki z os\u0142onami z nylonu<\/li>\n<li>przechy\u0142 siedziska do 35* (TILT) model 2022<\/li>\n<\/ul>\n<p>Josi Wismi\u00a0 jest dla os\u00f3b z problemami prawid\u0142owego siedzenia (skolioza, rotacja miednicy, skr\u00f3cona ko\u0144czyna, problemy z oddychaniem, problemy z kr\u0105\u017ceniem, problemy z samodzielnym przemieszczaniem si\u0119).<\/p>\n<p>Josi Wismi\u00a0 jest wyposa\u017cony w amortyzatory spr\u0119\u017cynowe, dzi\u0119ki temu jazda jest wygodna i komfortowa. Posiada wiele dodatkowych akcesori\u00f3w, kt\u00f3re s\u0105 przydatne w r\u00f3\u017cnych warunkach pogodowych.<\/p>\n<p>&nbsp;<\/p>\n<h2>Jako wy\u0142\u0105czny dystrybutor sprz\u0119tu na terenie Polski, zapewniamy opiek\u0119 gwarancyjn\u0105 oraz serwisow\u0105.<\/h2>\n","protected":false},"excerpt":{"rendered":"Josi Wismi to przyczepka do roweru, w\u00f3zek spacerowy i w\u00f3zek do biegania.\r\n\r\n<strong>Mo\u017cliwa refundacja PFRON do 80%\u00a0<\/strong>\r\n\r\nW celu uzyskania dodatkowych informacji skontaktuj si\u0119: Tel 502 909 587 lub 530 600 717","protected":false},"featured_media":12511,"template":"","meta":{"_acf_changed":false,"_seopress_robots_primary_cat":"none","_seopress_titles_title":"Przyczepka rowerowa Josi-Wismi 3w1 | Strefa Zdrowia","_seopress_titles_desc":"","_seopress_robots_index":"yes"},"product_brand":[],"product_cat":[796],"product_tag":[],"class_list":{"0":"post-18728","1":"product","2":"type-product","3":"status-publish","4":"has-post-thumbnail","6":"product_cat-przyczepki-rowerowe-ru","8":"first","9":"instock","10":"shipping-taxable","11":"purchasable","12":"product-type-simple"},"acf":[],"yoast_head":"<!-- This site is optimized with the Yoast SEO plugin v26.9 - https:\/\/yoast.com\/product\/yoast-seo-wordpress\/ -->\n<title>Przyczepka rowerowa Josi-Wismi | Strefa Zdrowia<\/title>\n<meta name=\"robots\" content=\"index, follow, max-snippet:-1, max-image-preview:large, max-video-preview:-1\" \/>\n<link rel=\"canonical\" href=\"https:\/\/strefa-zdrowia.com.pl\/ru\/josi-wismi-2\/\" \/>\n<meta property=\"og:locale\" content=\"ru_RU\" \/>\n<meta property=\"og:type\" content=\"article\" \/>\n<meta property=\"og:title\" content=\"Przyczepka rowerowa Josi-Wismi | Strefa Zdrowia\" \/>\n<meta property=\"og:description\" content=\"Josi Wismi to przyczepka do roweru, w\u00f3zek spacerowy i w\u00f3zek do biegania.  Mo\u017cliwa refundacja PFRON do 80%\u00a0  W celu uzyskania dodatkowych informacji skontaktuj si\u0119: Tel 502 909 587 lub 530 600 717\" \/>\n<meta property=\"og:url\" content=\"https:\/\/strefa-zdrowia.com.pl\/ru\/josi-wismi-2\/\" \/>\n<meta property=\"og:site_name\" content=\"Strefa Zdrowia\" \/>\n<meta property=\"article:modified_time\" content=\"2025-09-01T10:10:13+00:00\" \/>\n<meta property=\"og:image\" content=\"https:\/\/strefa-zdrowia.com.pl\/wp-content\/uploads\/2020\/08\/josi-rower3-scaled.jpg\" \/>\n\t<meta property=\"og:image:width\" content=\"2560\" \/>\n\t<meta property=\"og:image:height\" content=\"2317\" \/>\n\t<meta property=\"og:image:type\" content=\"image\/jpeg\" \/>\n<meta name=\"twitter:card\" content=\"summary_large_image\" \/>\n<meta name=\"twitter:label1\" content=\"\u041f\u0440\u0438\u043c\u0435\u0440\u043d\u043e\u0435 \u0432\u0440\u0435\u043c\u044f \u0434\u043b\u044f \u0447\u0442\u0435\u043d\u0438\u044f\" \/>\n\t<meta name=\"twitter:data1\" content=\"2 \u043c\u0438\u043d\u0443\u0442\u044b\" \/>\n<script type=\"application\/ld+json\" class=\"yoast-schema-graph\">{\"@context\":\"https:\/\/schema.org\",\"@graph\":[{\"@type\":\"WebPage\",\"@id\":\"https:\/\/strefa-zdrowia.com.pl\/ru\/josi-wismi-2\/\",\"url\":\"https:\/\/strefa-zdrowia.com.pl\/ru\/josi-wismi-2\/\",\"name\":\"Przyczepka rowerowa Josi-Wismi | Strefa Zdrowia\",\"isPartOf\":{\"@id\":\"https:\/\/strefa-zdrowia.com.pl\/#website\"},\"primaryImageOfPage\":{\"@id\":\"https:\/\/strefa-zdrowia.com.pl\/ru\/josi-wismi-2\/#primaryimage\"},\"image\":{\"@id\":\"https:\/\/strefa-zdrowia.com.pl\/ru\/josi-wismi-2\/#primaryimage\"},\"thumbnailUrl\":\"https:\/\/strefa-zdrowia.com.pl\/wp-content\/uploads\/2020\/08\/josi-rower3-scaled.jpg\",\"datePublished\":\"2020-12-10T19:38:10+00:00\",\"dateModified\":\"2025-09-01T10:10:13+00:00\",\"breadcrumb\":{\"@id\":\"https:\/\/strefa-zdrowia.com.pl\/ru\/josi-wismi-2\/#breadcrumb\"},\"inLanguage\":\"ru-RU\",\"potentialAction\":[{\"@type\":\"ReadAction\",\"target\":[\"https:\/\/strefa-zdrowia.com.pl\/ru\/josi-wismi-2\/\"]}]},{\"@type\":\"ImageObject\",\"inLanguage\":\"ru-RU\",\"@id\":\"https:\/\/strefa-zdrowia.com.pl\/ru\/josi-wismi-2\/#primaryimage\",\"url\":\"https:\/\/strefa-zdrowia.com.pl\/wp-content\/uploads\/2020\/08\/josi-rower3-scaled.jpg\",\"contentUrl\":\"https:\/\/strefa-zdrowia.com.pl\/wp-content\/uploads\/2020\/08\/josi-rower3-scaled.jpg\",\"width\":2560,\"height\":2317,\"caption\":\"Przyczepka rowerowa Josi-Wismi 3w1\"},{\"@type\":\"BreadcrumbList\",\"@id\":\"https:\/\/strefa-zdrowia.com.pl\/ru\/josi-wismi-2\/#breadcrumb\",\"itemListElement\":[{\"@type\":\"ListItem\",\"position\":1,\"name\":\"Home\",\"item\":\"https:\/\/strefa-zdrowia.com.pl\/ru\/strona-glowna\/\"},{\"@type\":\"ListItem\",\"position\":2,\"name\":\"Produkty\",\"item\":\"https:\/\/strefa-zdrowia.com.pl\/ru\/%d0%bc%d0%b0%d0%b3%d0%b0%d0%b7%d0%b8%d0%bd\/\"},{\"@type\":\"ListItem\",\"position\":3,\"name\":\"Przyczepka rowerowa Josi-Wismi\"}]},{\"@type\":\"WebSite\",\"@id\":\"https:\/\/strefa-zdrowia.com.pl\/#website\",\"url\":\"https:\/\/strefa-zdrowia.com.pl\/\",\"name\":\"Strefa Zdrowia\",\"description\":\"Sklep STREFA ZDROWIA oferuje sprz\u0119t rehabilitacyjny, w\u00f3zki inwalidzkie, aktywne, specjalne, elektryczne oraz siedziska anatomiczne. Dystrybutor w Polsce: xRover, Josi-Wismi, AnatomicSitt.\",\"publisher\":{\"@id\":\"https:\/\/strefa-zdrowia.com.pl\/#organization\"},\"potentialAction\":[{\"@type\":\"SearchAction\",\"target\":{\"@type\":\"EntryPoint\",\"urlTemplate\":\"https:\/\/strefa-zdrowia.com.pl\/?s={search_term_string}\"},\"query-input\":{\"@type\":\"PropertyValueSpecification\",\"valueRequired\":true,\"valueName\":\"search_term_string\"}}],\"inLanguage\":\"ru-RU\"},{\"@type\":\"Organization\",\"@id\":\"https:\/\/strefa-zdrowia.com.pl\/#organization\",\"name\":\"Strefa Zdrowia\",\"url\":\"https:\/\/strefa-zdrowia.com.pl\/\",\"logo\":{\"@type\":\"ImageObject\",\"inLanguage\":\"ru-RU\",\"@id\":\"https:\/\/strefa-zdrowia.com.pl\/#\/schema\/logo\/image\/\",\"url\":\"https:\/\/strefa-zdrowia.com.pl\/wp-content\/uploads\/2020\/05\/nowe-1.png\",\"contentUrl\":\"https:\/\/strefa-zdrowia.com.pl\/wp-content\/uploads\/2020\/05\/nowe-1.png\",\"width\":586,\"height\":240,\"caption\":\"Strefa Zdrowia\"},\"image\":{\"@id\":\"https:\/\/strefa-zdrowia.com.pl\/#\/schema\/logo\/image\/\"}}]}<\/script>\n<!-- \/ Yoast SEO plugin. -->","yoast_head_json":{"title":"Przyczepka rowerowa Josi-Wismi | Strefa Zdrowia","robots":{"index":"index","follow":"follow","max-snippet":"max-snippet:-1","max-image-preview":"max-image-preview:large","max-video-preview":"max-video-preview:-1"},"canonical":"https:\/\/strefa-zdrowia.com.pl\/ru\/josi-wismi-2\/","og_locale":"ru_RU","og_type":"article","og_title":"Przyczepka rowerowa Josi-Wismi | Strefa Zdrowia","og_description":"Josi Wismi to przyczepka do roweru, w\u00f3zek spacerowy i w\u00f3zek do biegania.  Mo\u017cliwa refundacja PFRON do 80%\u00a0  W celu uzyskania dodatkowych informacji skontaktuj si\u0119: Tel 502 909 587 lub 530 600 717","og_url":"https:\/\/strefa-zdrowia.com.pl\/ru\/josi-wismi-2\/","og_site_name":"Strefa Zdrowia","article_modified_time":"2025-09-01T10:10:13+00:00","og_image":[{"width":2560,"height":2317,"url":"https:\/\/strefa-zdrowia.com.pl\/wp-content\/uploads\/2020\/08\/josi-rower3-scaled.jpg","type":"image\/jpeg"}],"twitter_card":"summary_large_image","twitter_misc":{"\u041f\u0440\u0438\u043c\u0435\u0440\u043d\u043e\u0435 \u0432\u0440\u0435\u043c\u044f \u0434\u043b\u044f \u0447\u0442\u0435\u043d\u0438\u044f":"2 \u043c\u0438\u043d\u0443\u0442\u044b"},"schema":{"@context":"https:\/\/schema.org","@graph":[{"@type":"WebPage","@id":"https:\/\/strefa-zdrowia.com.pl\/ru\/josi-wismi-2\/","url":"https:\/\/strefa-zdrowia.com.pl\/ru\/josi-wismi-2\/","name":"Przyczepka rowerowa Josi-Wismi | Strefa Zdrowia","isPartOf":{"@id":"https:\/\/strefa-zdrowia.com.pl\/#website"},"primaryImageOfPage":{"@id":"https:\/\/strefa-zdrowia.com.pl\/ru\/josi-wismi-2\/#primaryimage"},"image":{"@id":"https:\/\/strefa-zdrowia.com.pl\/ru\/josi-wismi-2\/#primaryimage"},"thumbnailUrl":"https:\/\/strefa-zdrowia.com.pl\/wp-content\/uploads\/2020\/08\/josi-rower3-scaled.jpg","datePublished":"2020-12-10T19:38:10+00:00","dateModified":"2025-09-01T10:10:13+00:00","breadcrumb":{"@id":"https:\/\/strefa-zdrowia.com.pl\/ru\/josi-wismi-2\/#breadcrumb"},"inLanguage":"ru-RU","potentialAction":[{"@type":"ReadAction","target":["https:\/\/strefa-zdrowia.com.pl\/ru\/josi-wismi-2\/"]}]},{"@type":"ImageObject","inLanguage":"ru-RU","@id":"https:\/\/strefa-zdrowia.com.pl\/ru\/josi-wismi-2\/#primaryimage","url":"https:\/\/strefa-zdrowia.com.pl\/wp-content\/uploads\/2020\/08\/josi-rower3-scaled.jpg","contentUrl":"https:\/\/strefa-zdrowia.com.pl\/wp-content\/uploads\/2020\/08\/josi-rower3-scaled.jpg","width":2560,"height":2317,"caption":"Przyczepka rowerowa Josi-Wismi 3w1"},{"@type":"BreadcrumbList","@id":"https:\/\/strefa-zdrowia.com.pl\/ru\/josi-wismi-2\/#breadcrumb","itemListElement":[{"@type":"ListItem","position":1,"name":"Home","item":"https:\/\/strefa-zdrowia.com.pl\/ru\/strona-glowna\/"},{"@type":"ListItem","position":2,"name":"Produkty","item":"https:\/\/strefa-zdrowia.com.pl\/ru\/%d0%bc%d0%b0%d0%b3%d0%b0%d0%b7%d0%b8%d0%bd\/"},{"@type":"ListItem","position":3,"name":"Przyczepka rowerowa Josi-Wismi"}]},{"@type":"WebSite","@id":"https:\/\/strefa-zdrowia.com.pl\/#website","url":"https:\/\/strefa-zdrowia.com.pl\/","name":"Strefa Zdrowia","description":"Sklep STREFA ZDROWIA oferuje sprz\u0119t rehabilitacyjny, w\u00f3zki inwalidzkie, aktywne, specjalne, elektryczne oraz siedziska anatomiczne. Dystrybutor w Polsce: xRover, Josi-Wismi, AnatomicSitt.","publisher":{"@id":"https:\/\/strefa-zdrowia.com.pl\/#organization"},"potentialAction":[{"@type":"SearchAction","target":{"@type":"EntryPoint","urlTemplate":"https:\/\/strefa-zdrowia.com.pl\/?s={search_term_string}"},"query-input":{"@type":"PropertyValueSpecification","valueRequired":true,"valueName":"search_term_string"}}],"inLanguage":"ru-RU"},{"@type":"Organization","@id":"https:\/\/strefa-zdrowia.com.pl\/#organization","name":"Strefa Zdrowia","url":"https:\/\/strefa-zdrowia.com.pl\/","logo":{"@type":"ImageObject","inLanguage":"ru-RU","@id":"https:\/\/strefa-zdrowia.com.pl\/#\/schema\/logo\/image\/","url":"https:\/\/strefa-zdrowia.com.pl\/wp-content\/uploads\/2020\/05\/nowe-1.png","contentUrl":"https:\/\/strefa-zdrowia.com.pl\/wp-content\/uploads\/2020\/05\/nowe-1.png","width":586,"height":240,"caption":"Strefa Zdrowia"},"image":{"@id":"https:\/\/strefa-zdrowia.com.pl\/#\/schema\/logo\/image\/"}}]}},"_links":{"self":[{"href":"https:\/\/strefa-zdrowia.com.pl\/ru\/wp-json\/wp\/v2\/product\/18728","targetHints":{"allow":["GET"]}}],"collection":[{"href":"https:\/\/strefa-zdrowia.com.pl\/ru\/wp-json\/wp\/v2\/product"}],"about":[{"href":"https:\/\/strefa-zdrowia.com.pl\/ru\/wp-json\/wp\/v2\/types\/product"}],"wp:featuredmedia":[{"embeddable":true,"href":"https:\/\/strefa-zdrowia.com.pl\/ru\/wp-json\/wp\/v2\/media\/12511"}],"wp:attachment":[{"href":"https:\/\/strefa-zdrowia.com.pl\/ru\/wp-json\/wp\/v2\/media?parent=18728"}],"wp:term":[{"taxonomy":"product_brand","embeddable":true,"href":"https:\/\/strefa-zdrowia.com.pl\/ru\/wp-json\/wp\/v2\/product_brand?post=18728"},{"taxonomy":"product_cat","embeddable":true,"href":"https:\/\/strefa-zdrowia.com.pl\/ru\/wp-json\/wp\/v2\/product_cat?post=18728"},{"taxonomy":"product_tag","embeddable":true,"href":"https:\/\/strefa-zdrowia.com.pl\/ru\/wp-json\/wp\/v2\/product_tag?post=18728"}],"curies":[{"name":"wp","href":"https:\/\/api.w.org\/{rel}","templated":true}]}}