{"id":52341,"date":"2023-10-13T13:09:35","date_gmt":"2023-10-13T11:09:35","guid":{"rendered":"https:\/\/strefa-zdrowia.com.pl\/?post_type=product&#038;p=52341"},"modified":"2025-09-01T12:08:04","modified_gmt":"2025-09-01T10:08:04","slug":"wozek-terenowy-josi-pro","status":"publish","type":"product","link":"https:\/\/strefa-zdrowia.com.pl\/ru\/wozek-terenowy-josi-pro\/","title":{"rendered":"W\u00f3zek terenowy Josi-Pro"},"content":{"rendered":"<p>Jeste\u015bmy WY\u0141\u0104CZNYM DYSTRYBUTOREM W POLSCE!<\/p>\n<p>Josi-Pro to wszechstronny i funkcjonalny w\u00f3zek przeznaczony dla dzieci i doros\u0142ych. Opcje regulacji g\u0142\u0119boko\u015bci siedziska, k\u0105ta siedziska, oparcia i podn\u00f3\u017cka zapewniaj\u0105 optymalne wsparcie i komfort dla u\u017cytkownika, a regulowana wysoko\u015b\u0107 uchwytu umo\u017cliwia opiekunom komfortowe prowadzenie w\u00f3zka. Josi-Pro ma mo\u017cliwo\u015b\u0107 wzbogacony o szerok\u0105 gam\u0119 akcesori\u00f3w i opcji, daj\u0105c mo\u017cliwo\u015b\u0107 personalizowania do potrzeb u\u017cytkownika.<\/p>\n<p>Specyfikacja:<\/p>\n<ul style=\"list-style-type: circle;\">\n<li>Dost\u0119pny w 3 rozmiarach (1,10 m-1,85 m)<\/li>\n<li>Aluminiowa rama, spr\u0119\u017cynowa i sk\u0142adana<\/li>\n<li>Hamulce b\u0119bnowe z funkcj\u0105 parkowania Regulacja wysoko\u015bci i k\u0105ta podn\u00f3\u017cka<\/li>\n<li>Sk\u0142adana, regulowana poduszka siedziska i tapicerowane oparcie<\/li>\n<li>Ko\u0142a tylne 16&#8243; i sztywne ko\u0142o przednie 12,5&#8243;<\/li>\n<li>Regulacja k\u0105ta nachylenia siedziska do 30\u00b0 Regulacja oparcia,<\/li>\n<li>Regulowana r\u0105czka do prowadzenia<\/li>\n<li>Do 90 kg wagi u\u017cytkownika i 15 kg \u0142adowno\u015bci<\/li>\n<li>Szeroka gama dost\u0119pnych akcesori\u00f3w<\/li>\n<\/ul>\n<p><strong>Cena podana na stronie dotyczy w\u00f3zka w podstawowej wersji wyposa\u017cenia, rozmiar S<\/strong><\/p>\n<p>Cena ko\u0144cowa\u00a0 zale\u017cna od rozmiaru i wyposa\u017cenia<\/p>\n<p>Zadzwo\u0144 i um\u00f3w si\u0119 na prezentacj\u0119 w domu , o\u015brodku<\/p>\n<p>tel. 530 600 717<\/p>\n<p>&nbsp;<\/p>\n","protected":false},"excerpt":{"rendered":"<span style=\"font-family: verdana, geneva, sans-serif;\">W\u00f3zek Josi-Pro to sk\u0142adany w\u00f3zek spacerowy, w\u00f3zek do biegania i przyczepka do roweru.\u00a0<\/span>\r\n\r\n<span style=\"font-family: verdana, geneva, sans-serif;\">Kod NFZ<strong> P.130B<\/strong><\/span>\r\n\r\n<span style=\"font-family: verdana, geneva, sans-serif;\">dost\u0119pny r\u00f3wnie\u017c na kod <strong>P.131.01<\/strong> &#8212; dla dzieci<\/span>","protected":false},"featured_media":52343,"template":"","meta":{"_acf_changed":false,"_seopress_robots_primary_cat":"none","_seopress_titles_title":"W\u00f3zek dzieci\u0119cy terenowy Josi-Wismi 3 w 1 | Strefa Zdrowia","_seopress_titles_desc":"","_seopress_robots_index":"yes"},"product_brand":[],"product_cat":[898,751,1325],"product_tag":[],"class_list":{"0":"post-52341","1":"product","2":"type-product","3":"status-publish","4":"has-post-thumbnail","6":"product_cat-wozki-do-biegania-ru","7":"product_cat-wozki-spacerowe-ru","8":"product_cat-wozki-specjalne-ru","10":"first","11":"instock","12":"shipping-taxable","13":"purchasable","14":"product-type-simple"},"acf":[],"yoast_head":"<!-- This site is optimized with the Yoast SEO plugin v26.9 - https:\/\/yoast.com\/product\/yoast-seo-wordpress\/ -->\n<title>W\u00f3zek terenowy Josi-Pro | Strefa Zdrowia<\/title>\n<meta name=\"robots\" content=\"index, follow, max-snippet:-1, max-image-preview:large, max-video-preview:-1\" \/>\n<link rel=\"canonical\" href=\"https:\/\/strefa-zdrowia.com.pl\/ru\/wozek-terenowy-josi-pro\/\" \/>\n<meta property=\"og:locale\" content=\"ru_RU\" \/>\n<meta property=\"og:type\" content=\"article\" \/>\n<meta property=\"og:title\" content=\"W\u00f3zek terenowy Josi-Pro | Strefa Zdrowia\" \/>\n<meta property=\"og:description\" content=\"W\u00f3zek Josi-Pro to sk\u0142adany w\u00f3zek spacerowy, w\u00f3zek do biegania i przyczepka do roweru.\u00a0  Kod NFZ P.130B  dost\u0119pny r\u00f3wnie\u017c na kod P.131.01 - dla dzieci\" \/>\n<meta property=\"og:url\" content=\"https:\/\/strefa-zdrowia.com.pl\/ru\/wozek-terenowy-josi-pro\/\" \/>\n<meta property=\"og:site_name\" content=\"Strefa Zdrowia\" \/>\n<meta property=\"article:modified_time\" content=\"2025-09-01T10:08:04+00:00\" \/>\n<meta property=\"og:image\" content=\"https:\/\/strefa-zdrowia.com.pl\/wp-content\/uploads\/2023\/10\/josi-pro_special_needs_all_terrain_stroller_uk_ireland.jpg\" \/>\n\t<meta property=\"og:image:width\" content=\"705\" \/>\n\t<meta property=\"og:image:height\" content=\"582\" \/>\n\t<meta property=\"og:image:type\" content=\"image\/jpeg\" \/>\n<meta name=\"twitter:card\" content=\"summary_large_image\" \/>\n<meta name=\"twitter:label1\" content=\"\u041f\u0440\u0438\u043c\u0435\u0440\u043d\u043e\u0435 \u0432\u0440\u0435\u043c\u044f \u0434\u043b\u044f \u0447\u0442\u0435\u043d\u0438\u044f\" \/>\n\t<meta name=\"twitter:data1\" content=\"2 \u043c\u0438\u043d\u0443\u0442\u044b\" \/>\n<script type=\"application\/ld+json\" class=\"yoast-schema-graph\">{\"@context\":\"https:\/\/schema.org\",\"@graph\":[{\"@type\":\"WebPage\",\"@id\":\"https:\/\/strefa-zdrowia.com.pl\/ru\/wozek-terenowy-josi-pro\/\",\"url\":\"https:\/\/strefa-zdrowia.com.pl\/ru\/wozek-terenowy-josi-pro\/\",\"name\":\"W\u00f3zek terenowy Josi-Pro | Strefa Zdrowia\",\"isPartOf\":{\"@id\":\"https:\/\/strefa-zdrowia.com.pl\/#website\"},\"primaryImageOfPage\":{\"@id\":\"https:\/\/strefa-zdrowia.com.pl\/ru\/wozek-terenowy-josi-pro\/#primaryimage\"},\"image\":{\"@id\":\"https:\/\/strefa-zdrowia.com.pl\/ru\/wozek-terenowy-josi-pro\/#primaryimage\"},\"thumbnailUrl\":\"https:\/\/strefa-zdrowia.com.pl\/wp-content\/uploads\/2023\/10\/josi-pro_special_needs_all_terrain_stroller_uk_ireland.jpg\",\"datePublished\":\"2023-10-13T11:09:35+00:00\",\"dateModified\":\"2025-09-01T10:08:04+00:00\",\"breadcrumb\":{\"@id\":\"https:\/\/strefa-zdrowia.com.pl\/ru\/wozek-terenowy-josi-pro\/#breadcrumb\"},\"inLanguage\":\"ru-RU\",\"potentialAction\":[{\"@type\":\"ReadAction\",\"target\":[\"https:\/\/strefa-zdrowia.com.pl\/ru\/wozek-terenowy-josi-pro\/\"]}]},{\"@type\":\"ImageObject\",\"inLanguage\":\"ru-RU\",\"@id\":\"https:\/\/strefa-zdrowia.com.pl\/ru\/wozek-terenowy-josi-pro\/#primaryimage\",\"url\":\"https:\/\/strefa-zdrowia.com.pl\/wp-content\/uploads\/2023\/10\/josi-pro_special_needs_all_terrain_stroller_uk_ireland.jpg\",\"contentUrl\":\"https:\/\/strefa-zdrowia.com.pl\/wp-content\/uploads\/2023\/10\/josi-pro_special_needs_all_terrain_stroller_uk_ireland.jpg\",\"width\":705,\"height\":582},{\"@type\":\"BreadcrumbList\",\"@id\":\"https:\/\/strefa-zdrowia.com.pl\/ru\/wozek-terenowy-josi-pro\/#breadcrumb\",\"itemListElement\":[{\"@type\":\"ListItem\",\"position\":1,\"name\":\"Home\",\"item\":\"https:\/\/strefa-zdrowia.com.pl\/ru\/strona-glowna\/\"},{\"@type\":\"ListItem\",\"position\":2,\"name\":\"Produkty\",\"item\":\"https:\/\/strefa-zdrowia.com.pl\/ru\/%d0%bc%d0%b0%d0%b3%d0%b0%d0%b7%d0%b8%d0%bd\/\"},{\"@type\":\"ListItem\",\"position\":3,\"name\":\"W\u00f3zek terenowy Josi-Pro\"}]},{\"@type\":\"WebSite\",\"@id\":\"https:\/\/strefa-zdrowia.com.pl\/#website\",\"url\":\"https:\/\/strefa-zdrowia.com.pl\/\",\"name\":\"Strefa Zdrowia\",\"description\":\"Sklep STREFA ZDROWIA oferuje sprz\u0119t rehabilitacyjny, w\u00f3zki inwalidzkie, aktywne, specjalne, elektryczne oraz siedziska anatomiczne. Dystrybutor w Polsce: xRover, Josi-Wismi, AnatomicSitt.\",\"publisher\":{\"@id\":\"https:\/\/strefa-zdrowia.com.pl\/#organization\"},\"potentialAction\":[{\"@type\":\"SearchAction\",\"target\":{\"@type\":\"EntryPoint\",\"urlTemplate\":\"https:\/\/strefa-zdrowia.com.pl\/?s={search_term_string}\"},\"query-input\":{\"@type\":\"PropertyValueSpecification\",\"valueRequired\":true,\"valueName\":\"search_term_string\"}}],\"inLanguage\":\"ru-RU\"},{\"@type\":\"Organization\",\"@id\":\"https:\/\/strefa-zdrowia.com.pl\/#organization\",\"name\":\"Strefa Zdrowia\",\"url\":\"https:\/\/strefa-zdrowia.com.pl\/\",\"logo\":{\"@type\":\"ImageObject\",\"inLanguage\":\"ru-RU\",\"@id\":\"https:\/\/strefa-zdrowia.com.pl\/#\/schema\/logo\/image\/\",\"url\":\"https:\/\/strefa-zdrowia.com.pl\/wp-content\/uploads\/2020\/05\/nowe-1.png\",\"contentUrl\":\"https:\/\/strefa-zdrowia.com.pl\/wp-content\/uploads\/2020\/05\/nowe-1.png\",\"width\":586,\"height\":240,\"caption\":\"Strefa Zdrowia\"},\"image\":{\"@id\":\"https:\/\/strefa-zdrowia.com.pl\/#\/schema\/logo\/image\/\"}}]}<\/script>\n<!-- \/ Yoast SEO plugin. -->","yoast_head_json":{"title":"W\u00f3zek terenowy Josi-Pro | Strefa Zdrowia","robots":{"index":"index","follow":"follow","max-snippet":"max-snippet:-1","max-image-preview":"max-image-preview:large","max-video-preview":"max-video-preview:-1"},"canonical":"https:\/\/strefa-zdrowia.com.pl\/ru\/wozek-terenowy-josi-pro\/","og_locale":"ru_RU","og_type":"article","og_title":"W\u00f3zek terenowy Josi-Pro | Strefa Zdrowia","og_description":"W\u00f3zek Josi-Pro to sk\u0142adany w\u00f3zek spacerowy, w\u00f3zek do biegania i przyczepka do roweru.\u00a0  Kod NFZ P.130B  dost\u0119pny r\u00f3wnie\u017c na kod P.131.01 - dla dzieci","og_url":"https:\/\/strefa-zdrowia.com.pl\/ru\/wozek-terenowy-josi-pro\/","og_site_name":"Strefa Zdrowia","article_modified_time":"2025-09-01T10:08:04+00:00","og_image":[{"width":705,"height":582,"url":"https:\/\/strefa-zdrowia.com.pl\/wp-content\/uploads\/2023\/10\/josi-pro_special_needs_all_terrain_stroller_uk_ireland.jpg","type":"image\/jpeg"}],"twitter_card":"summary_large_image","twitter_misc":{"\u041f\u0440\u0438\u043c\u0435\u0440\u043d\u043e\u0435 \u0432\u0440\u0435\u043c\u044f \u0434\u043b\u044f \u0447\u0442\u0435\u043d\u0438\u044f":"2 \u043c\u0438\u043d\u0443\u0442\u044b"},"schema":{"@context":"https:\/\/schema.org","@graph":[{"@type":"WebPage","@id":"https:\/\/strefa-zdrowia.com.pl\/ru\/wozek-terenowy-josi-pro\/","url":"https:\/\/strefa-zdrowia.com.pl\/ru\/wozek-terenowy-josi-pro\/","name":"W\u00f3zek terenowy Josi-Pro | Strefa Zdrowia","isPartOf":{"@id":"https:\/\/strefa-zdrowia.com.pl\/#website"},"primaryImageOfPage":{"@id":"https:\/\/strefa-zdrowia.com.pl\/ru\/wozek-terenowy-josi-pro\/#primaryimage"},"image":{"@id":"https:\/\/strefa-zdrowia.com.pl\/ru\/wozek-terenowy-josi-pro\/#primaryimage"},"thumbnailUrl":"https:\/\/strefa-zdrowia.com.pl\/wp-content\/uploads\/2023\/10\/josi-pro_special_needs_all_terrain_stroller_uk_ireland.jpg","datePublished":"2023-10-13T11:09:35+00:00","dateModified":"2025-09-01T10:08:04+00:00","breadcrumb":{"@id":"https:\/\/strefa-zdrowia.com.pl\/ru\/wozek-terenowy-josi-pro\/#breadcrumb"},"inLanguage":"ru-RU","potentialAction":[{"@type":"ReadAction","target":["https:\/\/strefa-zdrowia.com.pl\/ru\/wozek-terenowy-josi-pro\/"]}]},{"@type":"ImageObject","inLanguage":"ru-RU","@id":"https:\/\/strefa-zdrowia.com.pl\/ru\/wozek-terenowy-josi-pro\/#primaryimage","url":"https:\/\/strefa-zdrowia.com.pl\/wp-content\/uploads\/2023\/10\/josi-pro_special_needs_all_terrain_stroller_uk_ireland.jpg","contentUrl":"https:\/\/strefa-zdrowia.com.pl\/wp-content\/uploads\/2023\/10\/josi-pro_special_needs_all_terrain_stroller_uk_ireland.jpg","width":705,"height":582},{"@type":"BreadcrumbList","@id":"https:\/\/strefa-zdrowia.com.pl\/ru\/wozek-terenowy-josi-pro\/#breadcrumb","itemListElement":[{"@type":"ListItem","position":1,"name":"Home","item":"https:\/\/strefa-zdrowia.com.pl\/ru\/strona-glowna\/"},{"@type":"ListItem","position":2,"name":"Produkty","item":"https:\/\/strefa-zdrowia.com.pl\/ru\/%d0%bc%d0%b0%d0%b3%d0%b0%d0%b7%d0%b8%d0%bd\/"},{"@type":"ListItem","position":3,"name":"W\u00f3zek terenowy Josi-Pro"}]},{"@type":"WebSite","@id":"https:\/\/strefa-zdrowia.com.pl\/#website","url":"https:\/\/strefa-zdrowia.com.pl\/","name":"Strefa Zdrowia","description":"Sklep STREFA ZDROWIA oferuje sprz\u0119t rehabilitacyjny, w\u00f3zki inwalidzkie, aktywne, specjalne, elektryczne oraz siedziska anatomiczne. Dystrybutor w Polsce: xRover, Josi-Wismi, AnatomicSitt.","publisher":{"@id":"https:\/\/strefa-zdrowia.com.pl\/#organization"},"potentialAction":[{"@type":"SearchAction","target":{"@type":"EntryPoint","urlTemplate":"https:\/\/strefa-zdrowia.com.pl\/?s={search_term_string}"},"query-input":{"@type":"PropertyValueSpecification","valueRequired":true,"valueName":"search_term_string"}}],"inLanguage":"ru-RU"},{"@type":"Organization","@id":"https:\/\/strefa-zdrowia.com.pl\/#organization","name":"Strefa Zdrowia","url":"https:\/\/strefa-zdrowia.com.pl\/","logo":{"@type":"ImageObject","inLanguage":"ru-RU","@id":"https:\/\/strefa-zdrowia.com.pl\/#\/schema\/logo\/image\/","url":"https:\/\/strefa-zdrowia.com.pl\/wp-content\/uploads\/2020\/05\/nowe-1.png","contentUrl":"https:\/\/strefa-zdrowia.com.pl\/wp-content\/uploads\/2020\/05\/nowe-1.png","width":586,"height":240,"caption":"Strefa Zdrowia"},"image":{"@id":"https:\/\/strefa-zdrowia.com.pl\/#\/schema\/logo\/image\/"}}]}},"_links":{"self":[{"href":"https:\/\/strefa-zdrowia.com.pl\/ru\/wp-json\/wp\/v2\/product\/52341","targetHints":{"allow":["GET"]}}],"collection":[{"href":"https:\/\/strefa-zdrowia.com.pl\/ru\/wp-json\/wp\/v2\/product"}],"about":[{"href":"https:\/\/strefa-zdrowia.com.pl\/ru\/wp-json\/wp\/v2\/types\/product"}],"wp:featuredmedia":[{"embeddable":true,"href":"https:\/\/strefa-zdrowia.com.pl\/ru\/wp-json\/wp\/v2\/media\/52343"}],"wp:attachment":[{"href":"https:\/\/strefa-zdrowia.com.pl\/ru\/wp-json\/wp\/v2\/media?parent=52341"}],"wp:term":[{"taxonomy":"product_brand","embeddable":true,"href":"https:\/\/strefa-zdrowia.com.pl\/ru\/wp-json\/wp\/v2\/product_brand?post=52341"},{"taxonomy":"product_cat","embeddable":true,"href":"https:\/\/strefa-zdrowia.com.pl\/ru\/wp-json\/wp\/v2\/product_cat?post=52341"},{"taxonomy":"product_tag","embeddable":true,"href":"https:\/\/strefa-zdrowia.com.pl\/ru\/wp-json\/wp\/v2\/product_tag?post=52341"}],"curies":[{"name":"wp","href":"https:\/\/api.w.org\/{rel}","templated":true}]}}